{"id":9,"date":"2012-05-01T16:53:19","date_gmt":"2012-05-01T16:53:19","guid":{"rendered":"http:\/\/localhost:8888\/wordpress\/?page_id=9"},"modified":"2024-12-03T14:28:18","modified_gmt":"2024-12-03T13:28:18","slug":"contact","status":"publish","type":"page","link":"https:\/\/www.monsieurplus.org\/hello\/contact\/","title":{"rendered":"contact"},"content":{"rendered":"\n<div class=\"wp-block-columns has-2-columns is-layout-flex wp-container-core-columns-is-layout-9d6595d7 wp-block-columns-is-layout-flex\">\n<div class=\"wp-block-column is-layout-flow wp-block-column-is-layout-flow\">\n<p><strong>Nicolas Baud<\/strong><br>(+33) 7 83 72 78 85<br>hello(AT)monsieurplus.org<br>Marseille &#8211; France<br>&#8212;<br>Actif depuis 15 ans dans le milieu du graphisme, dipl\u00f4m\u00e9 en communication graphique, vous pouvez me contacter pour toutes sortes de travaux, allant de la simple identit\u00e9 visuelle \u00e0 la communication globale, en passant par la conception de supports de communication print ou web.<\/p>\n\n\n\n<p><em><br>Active for the past 15 years as a graphic designer, i have a degree in graphic communication.<br>As a creative thinker, you can contact me for all sorts of works, from a simple visual identity to your global communication, printed or Online.<\/em><\/p>\n<\/div>\n\n\n\n<div class=\"wp-block-column is-layout-flow wp-block-column-is-layout-flow\">\n<div class=\"wpcf7 no-js\" id=\"wpcf7-f1841-o1\" lang=\"en-US\" dir=\"ltr\" data-wpcf7-id=\"1841\">\n<div class=\"screen-reader-response\"><p role=\"status\" aria-live=\"polite\" aria-atomic=\"true\"><\/p> <ul><\/ul><\/div>\n<form action=\"\/hello\/wp-json\/wp\/v2\/pages\/9#wpcf7-f1841-o1\" method=\"post\" class=\"wpcf7-form init\" aria-label=\"Contact form\" novalidate=\"novalidate\" data-status=\"init\">\n<fieldset class=\"hidden-fields-container\"><input type=\"hidden\" name=\"_wpcf7\" value=\"1841\" \/><input type=\"hidden\" name=\"_wpcf7_version\" value=\"6.1.4\" \/><input type=\"hidden\" name=\"_wpcf7_locale\" value=\"en_US\" \/><input type=\"hidden\" name=\"_wpcf7_unit_tag\" value=\"wpcf7-f1841-o1\" \/><input type=\"hidden\" name=\"_wpcf7_container_post\" value=\"0\" \/><input type=\"hidden\" name=\"_wpcf7_posted_data_hash\" value=\"\" \/>\n<\/fieldset>\n<p><span class=\"wpcf7-form-control-wrap\" data-name=\"your-name\"><input size=\"40\" maxlength=\"400\" class=\"wpcf7-form-control wpcf7-text wpcf7-validates-as-required\" aria-required=\"true\" aria-invalid=\"false\" placeholder=\"Name\" value=\"\" type=\"text\" name=\"your-name\" \/><\/span>\n<\/p>\n<p><span id=\"wpcf7-69ebdf183981f-wrapper\" class=\"wpcf7-form-control-wrap whatelse-wrap\" style=\"display:none !important; visibility:hidden !important;\"><label for=\"wpcf7-69ebdf183981f-field\" class=\"hp-message\">Please leave this field empty.<\/label><input id=\"wpcf7-69ebdf183981f-field\"  class=\"wpcf7-form-control wpcf7-text\" type=\"text\" name=\"whatelse\" value=\"\" size=\"40\" tabindex=\"-1\" autocomplete=\"new-password\" \/><\/span>\n<\/p>\n<p><span class=\"wpcf7-form-control-wrap\" data-name=\"your-email\"><input size=\"40\" maxlength=\"400\" class=\"wpcf7-form-control wpcf7-email wpcf7-validates-as-required wpcf7-text wpcf7-validates-as-email\" aria-required=\"true\" aria-invalid=\"false\" placeholder=\"Email\" value=\"\" type=\"email\" name=\"your-email\" \/><\/span>\n<\/p>\n<p><span class=\"wpcf7-form-control-wrap\" data-name=\"your-subject\"><input size=\"40\" maxlength=\"400\" class=\"wpcf7-form-control wpcf7-text\" aria-invalid=\"false\" placeholder=\"Subject\" value=\"\" type=\"text\" name=\"your-subject\" \/><\/span>\n<\/p>\n<p><span class=\"wpcf7-form-control-wrap\" data-name=\"your-message\"><textarea cols=\"40\" rows=\"10\" maxlength=\"2000\" class=\"wpcf7-form-control wpcf7-textarea\" aria-invalid=\"false\" placeholder=\"Message\" name=\"your-message\"><\/textarea><\/span>\n<\/p>\n<p><input class=\"wpcf7-form-control wpcf7-submit has-spinner\" type=\"submit\" value=\"Send\" \/>\n<\/p><p style=\"display: none !important;\" class=\"akismet-fields-container\" data-prefix=\"_wpcf7_ak_\"><label>&#916;<textarea name=\"_wpcf7_ak_hp_textarea\" cols=\"45\" rows=\"8\" maxlength=\"100\"><\/textarea><\/label><input type=\"hidden\" id=\"ak_js_1\" name=\"_wpcf7_ak_js\" value=\"211\"\/><script>document.getElementById( \"ak_js_1\" ).setAttribute( \"value\", ( new Date() ).getTime() );<\/script><\/p><div class=\"wpcf7-response-output\" aria-hidden=\"true\"><\/div>\n<\/form>\n<\/div>\n\n<\/div>\n<\/div>\n","protected":false},"excerpt":{"rendered":"<p>Nicolas Baud(+33) 7 83 72 78 85hello(AT)monsieurplus.orgMarseille &#8211; France&#8212;Actif depuis 15 ans dans le milieu du graphisme, dipl\u00f4m\u00e9 en communication graphique, vous pouvez me contacter pour toutes sortes de travaux, allant de la simple identit\u00e9 visuelle \u00e0 la communication globale, en passant par la conception de supports de communication print ou web. Active for the [&hellip;]<\/p>\n","protected":false},"author":1,"featured_media":0,"parent":0,"menu_order":0,"comment_status":"closed","ping_status":"open","template":"","meta":{"footnotes":""},"tags":[],"class_list":["post-9","page","type-page","status-publish","hentry"],"jetpack_sharing_enabled":true,"_links":{"self":[{"href":"https:\/\/www.monsieurplus.org\/hello\/wp-json\/wp\/v2\/pages\/9","targetHints":{"allow":["GET"]}}],"collection":[{"href":"https:\/\/www.monsieurplus.org\/hello\/wp-json\/wp\/v2\/pages"}],"about":[{"href":"https:\/\/www.monsieurplus.org\/hello\/wp-json\/wp\/v2\/types\/page"}],"author":[{"embeddable":true,"href":"https:\/\/www.monsieurplus.org\/hello\/wp-json\/wp\/v2\/users\/1"}],"replies":[{"embeddable":true,"href":"https:\/\/www.monsieurplus.org\/hello\/wp-json\/wp\/v2\/comments?post=9"}],"version-history":[{"count":48,"href":"https:\/\/www.monsieurplus.org\/hello\/wp-json\/wp\/v2\/pages\/9\/revisions"}],"predecessor-version":[{"id":3431,"href":"https:\/\/www.monsieurplus.org\/hello\/wp-json\/wp\/v2\/pages\/9\/revisions\/3431"}],"wp:attachment":[{"href":"https:\/\/www.monsieurplus.org\/hello\/wp-json\/wp\/v2\/media?parent=9"}],"wp:term":[{"taxonomy":"post_tag","embeddable":true,"href":"https:\/\/www.monsieurplus.org\/hello\/wp-json\/wp\/v2\/tags?post=9"}],"curies":[{"name":"wp","href":"https:\/\/api.w.org\/{rel}","templated":true}]}}