{"id":2174,"date":"2016-04-11T07:27:40","date_gmt":"2016-04-11T11:27:40","guid":{"rendered":"http:\/\/www.monsieurplus.org\/hello\/?page_id=2174"},"modified":"2019-04-21T17:25:47","modified_gmt":"2019-04-21T15:25:47","slug":"services","status":"publish","type":"page","link":"https:\/\/www.monsieurplus.org\/hello\/services\/","title":{"rendered":"services"},"content":{"rendered":"\n<div class=\"wp-block-columns has-2-columns is-layout-flex wp-container-core-columns-is-layout-9d6595d7 wp-block-columns-is-layout-flex\">\n<div class=\"wp-block-column is-layout-flow wp-block-column-is-layout-flow\">\n<figure class=\"wp-block-image\"><img loading=\"lazy\" decoding=\"async\" width=\"700\" height=\"700\" src=\"https:\/\/www.monsieurplus.org\/hello\/wp-content\/uploads\/2016\/04\/GD_NEW_ICO_HD.png\" alt=\"\" class=\"wp-image-2318\" srcset=\"https:\/\/www.monsieurplus.org\/hello\/wp-content\/uploads\/2016\/04\/GD_NEW_ICO_HD.png 700w, https:\/\/www.monsieurplus.org\/hello\/wp-content\/uploads\/2016\/04\/GD_NEW_ICO_HD-150x150.png 150w, https:\/\/www.monsieurplus.org\/hello\/wp-content\/uploads\/2016\/04\/GD_NEW_ICO_HD-300x300.png 300w, https:\/\/www.monsieurplus.org\/hello\/wp-content\/uploads\/2016\/04\/GD_NEW_ICO_HD-590x590.png 590w, https:\/\/www.monsieurplus.org\/hello\/wp-content\/uploads\/2016\/04\/GD_NEW_ICO_HD-50x50.png 50w, https:\/\/www.monsieurplus.org\/hello\/wp-content\/uploads\/2016\/04\/GD_NEW_ICO_HD-600x600.png 600w\" sizes=\"auto, (max-width: 700px) 100vw, 700px\" \/><\/figure>\n\n\n\n<hr class=\"wp-block-separator\"\/>\n\n\n\n<p style=\"text-align:center\">GRAPHIC DESIGN<\/p>\n\n\n\n<p>Cr\u00e9ation de vos visuels et r\u00e9alisation d&#8217;affiches, brochures, catalogues, d\u00e9pliants, flyers, cartes de visite, plaquettes institutionnelles, dossiers de presse\u2026<\/p>\n<\/div>\n\n\n\n<div class=\"wp-block-column is-layout-flow wp-block-column-is-layout-flow\">\n<figure class=\"wp-block-image\"><img loading=\"lazy\" decoding=\"async\" width=\"700\" height=\"700\" src=\"https:\/\/www.monsieurplus.org\/hello\/wp-content\/uploads\/2016\/04\/ILL_NEW_ICO_HD.png\" alt=\"\" class=\"wp-image-2320\" srcset=\"https:\/\/www.monsieurplus.org\/hello\/wp-content\/uploads\/2016\/04\/ILL_NEW_ICO_HD.png 700w, https:\/\/www.monsieurplus.org\/hello\/wp-content\/uploads\/2016\/04\/ILL_NEW_ICO_HD-150x150.png 150w, https:\/\/www.monsieurplus.org\/hello\/wp-content\/uploads\/2016\/04\/ILL_NEW_ICO_HD-300x300.png 300w, https:\/\/www.monsieurplus.org\/hello\/wp-content\/uploads\/2016\/04\/ILL_NEW_ICO_HD-590x590.png 590w, https:\/\/www.monsieurplus.org\/hello\/wp-content\/uploads\/2016\/04\/ILL_NEW_ICO_HD-50x50.png 50w, https:\/\/www.monsieurplus.org\/hello\/wp-content\/uploads\/2016\/04\/ILL_NEW_ICO_HD-600x600.png 600w\" sizes=\"auto, (max-width: 700px) 100vw, 700px\" \/><\/figure>\n\n\n\n<hr class=\"wp-block-separator\"\/>\n\n\n\n<p style=\"text-align:center\">ILLUSTRATION<\/p>\n\n\n\n<p>Conception et cr\u00e9ation de vos illustrations, correspondant \u00e0 vos attentes et r\u00e9alis\u00e9es de fa\u00e7on traditionnelle et\/ou en passant par le support num\u00e9rique\u2026<\/p>\n<\/div>\n<\/div>\n\n\n\n<div class=\"wp-block-columns has-2-columns is-layout-flex wp-container-core-columns-is-layout-9d6595d7 wp-block-columns-is-layout-flex\">\n<div class=\"wp-block-column is-layout-flow wp-block-column-is-layout-flow\">\n<figure class=\"wp-block-image\"><img loading=\"lazy\" decoding=\"async\" width=\"700\" height=\"700\" src=\"https:\/\/www.monsieurplus.org\/hello\/wp-content\/uploads\/2016\/04\/ID_NEW_ICO_HD.png\" alt=\"\" class=\"wp-image-2319\" srcset=\"https:\/\/www.monsieurplus.org\/hello\/wp-content\/uploads\/2016\/04\/ID_NEW_ICO_HD.png 700w, https:\/\/www.monsieurplus.org\/hello\/wp-content\/uploads\/2016\/04\/ID_NEW_ICO_HD-150x150.png 150w, https:\/\/www.monsieurplus.org\/hello\/wp-content\/uploads\/2016\/04\/ID_NEW_ICO_HD-300x300.png 300w, https:\/\/www.monsieurplus.org\/hello\/wp-content\/uploads\/2016\/04\/ID_NEW_ICO_HD-590x590.png 590w, https:\/\/www.monsieurplus.org\/hello\/wp-content\/uploads\/2016\/04\/ID_NEW_ICO_HD-50x50.png 50w, https:\/\/www.monsieurplus.org\/hello\/wp-content\/uploads\/2016\/04\/ID_NEW_ICO_HD-600x600.png 600w\" sizes=\"auto, (max-width: 700px) 100vw, 700px\" \/><\/figure>\n\n\n\n<hr class=\"wp-block-separator\"\/>\n\n\n\n<p style=\"text-align:center\">IDENTITY<\/p>\n\n\n\n<p>La cr\u00e9ation ou refonte de votre logo, r\u00e9alisation d&#8217;une charte graphique, papier en-t\u00eate, cartes de visites et tout autres supports correspondant \u00e0 votre identit\u00e9 graphique.<\/p>\n<\/div>\n\n\n\n<div class=\"wp-block-column is-layout-flow wp-block-column-is-layout-flow\">\n<figure class=\"wp-block-image\"><img loading=\"lazy\" decoding=\"async\" width=\"700\" height=\"700\" src=\"https:\/\/www.monsieurplus.org\/hello\/wp-content\/uploads\/2016\/04\/WB_NEW_ICO_HD.png\" alt=\"\" class=\"wp-image-2321\" srcset=\"https:\/\/www.monsieurplus.org\/hello\/wp-content\/uploads\/2016\/04\/WB_NEW_ICO_HD.png 700w, https:\/\/www.monsieurplus.org\/hello\/wp-content\/uploads\/2016\/04\/WB_NEW_ICO_HD-150x150.png 150w, https:\/\/www.monsieurplus.org\/hello\/wp-content\/uploads\/2016\/04\/WB_NEW_ICO_HD-300x300.png 300w, https:\/\/www.monsieurplus.org\/hello\/wp-content\/uploads\/2016\/04\/WB_NEW_ICO_HD-590x590.png 590w, https:\/\/www.monsieurplus.org\/hello\/wp-content\/uploads\/2016\/04\/WB_NEW_ICO_HD-50x50.png 50w, https:\/\/www.monsieurplus.org\/hello\/wp-content\/uploads\/2016\/04\/WB_NEW_ICO_HD-600x600.png 600w\" sizes=\"auto, (max-width: 700px) 100vw, 700px\" \/><\/figure>\n\n\n\n<hr class=\"wp-block-separator\"\/>\n\n\n\n<p style=\"text-align:center\">WEB DESIGN<\/p>\n\n\n\n<p>Cr\u00e9ation du design et mise en ligne de votre site internet responsive : site vitrine, E-shop, mini-site, page simple en HTLM5 ou CMS WordPress.<\/p>\n<\/div>\n<\/div>\n","protected":false},"excerpt":{"rendered":"<p>GRAPHIC DESIGN Cr\u00e9ation de vos visuels et r\u00e9alisation d&#8217;affiches, brochures, catalogues, d\u00e9pliants, flyers, cartes de visite, plaquettes institutionnelles, dossiers de presse\u2026 ILLUSTRATION Conception et cr\u00e9ation de vos illustrations, correspondant \u00e0 vos attentes et r\u00e9alis\u00e9es de fa\u00e7on traditionnelle et\/ou en passant par le support num\u00e9rique\u2026 IDENTITY La cr\u00e9ation ou refonte de votre logo, r\u00e9alisation d&#8217;une charte [&hellip;]<\/p>\n","protected":false},"author":1,"featured_media":0,"parent":0,"menu_order":0,"comment_status":"closed","ping_status":"closed","template":"","meta":{"footnotes":""},"tags":[],"class_list":["post-2174","page","type-page","status-publish","hentry"],"jetpack_sharing_enabled":true,"_links":{"self":[{"href":"https:\/\/www.monsieurplus.org\/hello\/wp-json\/wp\/v2\/pages\/2174","targetHints":{"allow":["GET"]}}],"collection":[{"href":"https:\/\/www.monsieurplus.org\/hello\/wp-json\/wp\/v2\/pages"}],"about":[{"href":"https:\/\/www.monsieurplus.org\/hello\/wp-json\/wp\/v2\/types\/page"}],"author":[{"embeddable":true,"href":"https:\/\/www.monsieurplus.org\/hello\/wp-json\/wp\/v2\/users\/1"}],"replies":[{"embeddable":true,"href":"https:\/\/www.monsieurplus.org\/hello\/wp-json\/wp\/v2\/comments?post=2174"}],"version-history":[{"count":105,"href":"https:\/\/www.monsieurplus.org\/hello\/wp-json\/wp\/v2\/pages\/2174\/revisions"}],"predecessor-version":[{"id":3348,"href":"https:\/\/www.monsieurplus.org\/hello\/wp-json\/wp\/v2\/pages\/2174\/revisions\/3348"}],"wp:attachment":[{"href":"https:\/\/www.monsieurplus.org\/hello\/wp-json\/wp\/v2\/media?parent=2174"}],"wp:term":[{"taxonomy":"post_tag","embeddable":true,"href":"https:\/\/www.monsieurplus.org\/hello\/wp-json\/wp\/v2\/tags?post=2174"}],"curies":[{"name":"wp","href":"https:\/\/api.w.org\/{rel}","templated":true}]}}